{"id":444,"date":"2021-09-14T21:58:01","date_gmt":"2021-09-14T21:58:01","guid":{"rendered":"https:\/\/frevisse.store\/?post_type=product&#038;p=444"},"modified":"2021-09-14T22:35:46","modified_gmt":"2021-09-14T22:35:46","slug":"hackeando-la-negociacion-estrategia-para-el-exito","status":"publish","type":"product","link":"https:\/\/frevisse.store\/index.php\/product\/hackeando-la-negociacion-estrategia-para-el-exito\/","title":{"rendered":"Hackeando la negociaci\u00f3n: Estrategia para el \u00e9xito. 12 de octubre de 2021."},"content":{"rendered":"<p>Rafael Gonz\u00e1lez Montes de Oca<\/p>\n<p>Tercera sesi\u00f3n del curso \u00abHackeando las reglas de la negociaci\u00f3n\u00bb<\/p>\n","protected":false},"excerpt":{"rendered":"<p>Rafael Gonz\u00e1lez Montes de Oca Tercera sesi\u00f3n del curso \u00abHackeando las reglas de la negociaci\u00f3n\u00bb<\/p>\n","protected":false},"featured_media":439,"template":"","meta":{"_et_pb_use_builder":"","_et_pb_old_content":"","_et_gb_content_width":"","_monsterinsights_skip_tracking":false,"_monsterinsights_sitenote_active":false,"_monsterinsights_sitenote_note":"","_monsterinsights_sitenote_category":0},"product_cat":[23,22],"product_tag":[],"class_list":["post-444","product","type-product","status-publish","has-post-thumbnail","hentry","product_cat-negocacion","product_cat-train"],"_links":{"self":[{"href":"https:\/\/frevisse.store\/index.php\/wp-json\/wp\/v2\/product\/444","targetHints":{"allow":["GET"]}}],"collection":[{"href":"https:\/\/frevisse.store\/index.php\/wp-json\/wp\/v2\/product"}],"about":[{"href":"https:\/\/frevisse.store\/index.php\/wp-json\/wp\/v2\/types\/product"}],"wp:featuredmedia":[{"embeddable":true,"href":"https:\/\/frevisse.store\/index.php\/wp-json\/wp\/v2\/media\/439"}],"wp:attachment":[{"href":"https:\/\/frevisse.store\/index.php\/wp-json\/wp\/v2\/media?parent=444"}],"wp:term":[{"taxonomy":"product_cat","embeddable":true,"href":"https:\/\/frevisse.store\/index.php\/wp-json\/wp\/v2\/product_cat?post=444"},{"taxonomy":"product_tag","embeddable":true,"href":"https:\/\/frevisse.store\/index.php\/wp-json\/wp\/v2\/product_tag?post=444"}],"curies":[{"name":"wp","href":"https:\/\/api.w.org\/{rel}","templated":true}]}}