{"id":442,"date":"2021-09-14T21:51:10","date_gmt":"2021-09-14T21:51:10","guid":{"rendered":"https:\/\/frevisse.store\/?post_type=product&#038;p=442"},"modified":"2021-09-14T22:40:30","modified_gmt":"2021-09-14T22:40:30","slug":"hackeando-la-negocacion-que-es-la-negociacion","status":"publish","type":"product","link":"https:\/\/frevisse.store\/index.php\/product\/hackeando-la-negocacion-que-es-la-negociacion\/","title":{"rendered":"Hackeando la negocaci\u00f3n: \u00bfQu\u00e9 es la negociaci\u00f3n? 28 de septiembre de 2021"},"content":{"rendered":"<p>Rafael Gonz\u00e1lez Montes de Oca<\/p>\n<p>1a clase del curso \u00abHackeando las reglas de la negociaci\u00f3n\u00bb 28 de septiembre 2021. 19:30-21:30<\/p>\n","protected":false},"excerpt":{"rendered":"<p>Rafael Gonz\u00e1lez Montes de Oca 1a clase del curso \u00abHackeando las reglas de la negociaci\u00f3n\u00bb 28 de septiembre 2021. 19:30-21:30<\/p>\n","protected":false},"featured_media":441,"template":"","meta":{"_et_pb_use_builder":"","_et_pb_old_content":"","_et_gb_content_width":"","_monsterinsights_skip_tracking":false,"_monsterinsights_sitenote_active":false,"_monsterinsights_sitenote_note":"","_monsterinsights_sitenote_category":0},"product_cat":[23,22],"product_tag":[],"class_list":["post-442","product","type-product","status-publish","has-post-thumbnail","hentry","product_cat-negocacion","product_cat-train"],"_links":{"self":[{"href":"https:\/\/frevisse.store\/index.php\/wp-json\/wp\/v2\/product\/442","targetHints":{"allow":["GET"]}}],"collection":[{"href":"https:\/\/frevisse.store\/index.php\/wp-json\/wp\/v2\/product"}],"about":[{"href":"https:\/\/frevisse.store\/index.php\/wp-json\/wp\/v2\/types\/product"}],"wp:featuredmedia":[{"embeddable":true,"href":"https:\/\/frevisse.store\/index.php\/wp-json\/wp\/v2\/media\/441"}],"wp:attachment":[{"href":"https:\/\/frevisse.store\/index.php\/wp-json\/wp\/v2\/media?parent=442"}],"wp:term":[{"taxonomy":"product_cat","embeddable":true,"href":"https:\/\/frevisse.store\/index.php\/wp-json\/wp\/v2\/product_cat?post=442"},{"taxonomy":"product_tag","embeddable":true,"href":"https:\/\/frevisse.store\/index.php\/wp-json\/wp\/v2\/product_tag?post=442"}],"curies":[{"name":"wp","href":"https:\/\/api.w.org\/{rel}","templated":true}]}}